{"id":10,"date":"2024-02-28T21:51:03","date_gmt":"2024-02-28T18:51:03","guid":{"rendered":"https:\/\/sigmametalurji.com\/?page_id=10"},"modified":"2024-04-14T11:07:44","modified_gmt":"2024-04-14T08:07:44","slug":"machining","status":"publish","type":"page","link":"https:\/\/sigmametalurji.com\/tr\/production\/machining\/","title":{"rendered":"Tala\u015fl\u0131 \u0130malat"},"content":{"rendered":"<p>Hassas d\u00f6k\u00fcm prosesinin yan\u0131 s\u0131ra m\u00fc\u015fteri ihtiya\u00e7lar\u0131 do\u011frultusunda \u00fcr\u00fcnlerin tala\u015fl\u0131 imalat\u0131n\u0131 da firmam\u0131z b\u00fcnyesinde ger\u00e7ekle\u015ftirmekteyiz.<\/p>\n","protected":false},"excerpt":{"rendered":"<p>Hassas d\u00f6k\u00fcm prosesinin yan\u0131 s\u0131ra m\u00fc\u015fteri ihtiya\u00e7lar\u0131 do\u011frultusunda \u00fcr\u00fcnlerin tala\u015fl\u0131 imalat\u0131n\u0131 da firmam\u0131z b\u00fcnyesinde ger\u00e7ekle\u015ftirmekteyiz.<\/p>\n","protected":false},"author":1,"featured_media":0,"parent":16,"menu_order":0,"comment_status":"closed","ping_status":"closed","template":"","meta":{"footnotes":""},"class_list":["post-10","page","type-page","status-publish","hentry"],"_links":{"self":[{"href":"https:\/\/sigmametalurji.com\/tr\/wp-json\/wp\/v2\/pages\/10","targetHints":{"allow":["GET"]}}],"collection":[{"href":"https:\/\/sigmametalurji.com\/tr\/wp-json\/wp\/v2\/pages"}],"about":[{"href":"https:\/\/sigmametalurji.com\/tr\/wp-json\/wp\/v2\/types\/page"}],"author":[{"embeddable":true,"href":"https:\/\/sigmametalurji.com\/tr\/wp-json\/wp\/v2\/users\/1"}],"replies":[{"embeddable":true,"href":"https:\/\/sigmametalurji.com\/tr\/wp-json\/wp\/v2\/comments?post=10"}],"version-history":[{"count":2,"href":"https:\/\/sigmametalurji.com\/tr\/wp-json\/wp\/v2\/pages\/10\/revisions"}],"predecessor-version":[{"id":2456,"href":"https:\/\/sigmametalurji.com\/tr\/wp-json\/wp\/v2\/pages\/10\/revisions\/2456"}],"up":[{"embeddable":true,"href":"https:\/\/sigmametalurji.com\/tr\/wp-json\/wp\/v2\/pages\/16"}],"wp:attachment":[{"href":"https:\/\/sigmametalurji.com\/tr\/wp-json\/wp\/v2\/media?parent=10"}],"curies":[{"name":"wp","href":"https:\/\/api.w.org\/{rel}","templated":true}]}}