{"id":1096,"date":"2016-01-06T13:11:34","date_gmt":"2016-01-06T13:11:34","guid":{"rendered":"http:\/\/anpsthemes.com\/construction\/?page_id=1096"},"modified":"2024-04-14T11:03:51","modified_gmt":"2024-04-14T08:03:51","slug":"home","status":"publish","type":"page","link":"https:\/\/sigmametalurji.com\/tr\/","title":{"rendered":"Anasayfa"},"content":{"rendered":"<div class=\"wpb-content-wrapper\"><p>[vc_row css=&#8221;.vc_custom_1453200552863{margin-top: -60px !important;margin-bottom: 0px !important;padding-bottom: 0px !important;}&#8221;][vc_column]\n\t\t\t<!-- START Slider 2 REVOLUTION SLIDER 6.6.18 --><p class=\"rs-p-wp-fix\"><\/p>\n\t\t\t<rs-module-wrap id=\"rev_slider_1_1_wrapper\" data-source=\"gallery\" style=\"visibility:hidden;background:transparent;padding:0;margin:0px auto;margin-top:0;margin-bottom:0;\">\n\t\t\t\t<rs-module id=\"rev_slider_1_1\" style=\"\" data-version=\"6.6.18\">\n\t\t\t\t\t<rs-slides style=\"overflow: hidden; position: absolute;\">\n\t\t\t\t\t\t<rs-slide style=\"position: absolute;\" data-key=\"rs-1\" data-title=\"Slide\" data-anim=\"ms:400;\" data-in=\"o:1;x:(100%);\" data-out=\"x:(-60%);\">\n\t\t\t\t\t\t\t<img decoding=\"async\" src=\"\/\/sigmametalurji.com\/tr\/wp-content\/plugins\/revslider\/public\/assets\/assets\/dummy.png\" alt=\"\" title=\"sigmav4_1.jpeg\" width=\"720\" height=\"406\" class=\"rev-slidebg tp-rs-img rs-lazyload\" data-lazyload=\"\/\/sigmametalurji.com\/tr\/wp-content\/uploads\/revslider\/video-media\/sigmav4_1.jpeg\" data-parallax=\"off\" data-no-retina>\n\t\t\t\t\t\t\t<rs-bgvideo \n\t\t\t\t\t\t\t\tdata-video=\"w:100%;h:100%;nse:false;l:true;ptimer:false;vfc:true;\"\n\t\t\t\t\t\t\t\tdata-mp4=\"\/\/sigmametalurji.com\/tr\/wp-content\/uploads\/2024\/04\/sigmav4.m4v\"\n\t\t\t\t\t\t\t><\/rs-bgvideo>\n<!--\n\t\t\t\t\t\t\t--><rs-layer\n\t\t\t\t\t\t\t\tid=\"slider-1-slide-1-layer-1\" \n\t\t\t\t\t\t\t\tdata-type=\"text\"\n\t\t\t\t\t\t\t\tdata-color=\"rgba(255,255,255,1)\"\n\t\t\t\t\t\t\t\tdata-rsp_ch=\"on\"\n\t\t\t\t\t\t\t\tdata-xy=\"x:l,l,l,c;xo:0,80px,80px,1px;y:t,t,m,m;yo:167px,186px,-51px,-65px;\"\n\t\t\t\t\t\t\t\tdata-text=\"w:normal;s:50;l:50,22,22,46;fw:700,400,400,400;\"\n\t\t\t\t\t\t\t\tdata-dim=\"w:909px,639px,638px,423px;h:56px,56px,56px,57px;\"\n\t\t\t\t\t\t\t\tdata-frame_1=\"e:power2.inOut;st:500;\"\n\t\t\t\t\t\t\t\tdata-frame_999=\"o:0;e:nothing;st:w;\"\n\t\t\t\t\t\t\t\tstyle=\"z-index:5;font-family:'Montserrat';\"\n\t\t\t\t\t\t\t>SIGMA METAL\u00dcRJ\u0130 \n\t\t\t\t\t\t\t<\/rs-layer><!--\n\n\t\t\t\t\t\t\t--><rs-layer\n\t\t\t\t\t\t\t\tid=\"slider-1-slide-1-layer-2\" \n\t\t\t\t\t\t\t\tdata-type=\"text\"\n\t\t\t\t\t\t\t\tdata-color=\"rgba(255,255,255,1)\"\n\t\t\t\t\t\t\t\tdata-rsp_ch=\"on\"\n\t\t\t\t\t\t\t\tdata-xy=\"xo:1px,80px,80px,-508px;y:t,t,m,m;yo:230px,230px,-17px,-110px;\"\n\t\t\t\t\t\t\t\tdata-text=\"w:normal;s:40,16,16,16;l:22,22,22,22;fw:700,400,400,400;\"\n\t\t\t\t\t\t\t\tdata-dim=\"w:589px,429px,466px,466px;h:auto,auto,38px,38px;\"\n\t\t\t\t\t\t\t\tdata-frame_1=\"e:power2.inOut;st:500;\"\n\t\t\t\t\t\t\t\tdata-frame_999=\"o:0;e:nothing;st:w;\"\n\t\t\t\t\t\t\t\tstyle=\"z-index:6;font-family:'PT Sans';\"\n\t\t\t\t\t\t\t>Hassas D\u00f6k\u00fcm Tedarik\u00e7iniz \n\t\t\t\t\t\t\t<\/rs-layer><!--\n-->\t\t\t\t\t\t<\/rs-slide>\n\t\t\t\t\t<\/rs-slides>\n\t\t\t\t<\/rs-module>\n\t\t\t\t<script>\n\t\t\t\t\tsetREVStartSize({c: 'rev_slider_1_1',rl:[1240,1024,778,480],el:[550,550,400,500],gw:[1140,1140,778,480],gh:[550,550,400,500],type:'standard',justify:'',layout:'fullwidth',mh:\"0\"});if (window.RS_MODULES!==undefined && window.RS_MODULES.modules!==undefined && window.RS_MODULES.modules[\"revslider11\"]!==undefined) {window.RS_MODULES.modules[\"revslider11\"].once = false;window.revapi1 = undefined;if (window.RS_MODULES.checkMinimal!==undefined) window.RS_MODULES.checkMinimal()}\n\t\t\t\t<\/script>\n\t\t\t<\/rs-module-wrap>\n\t\t\t<!-- END REVOLUTION SLIDER -->\n[\/vc_column][\/vc_row][vc_row full_width=&#8221;stretch_row&#8221; css=&#8221;.vc_custom_1469689612078{background-color: #f8f9f9 !important;}&#8221;][vc_column]<h2 class='heading-left  divider-modern'  style='color: #0a0a0a'><span><em class=\"heading-subtitle\" style='color: #a3baca'>Neler Yap\u0131yoruz?<\/em>\u00dcRET\u0130M<\/span><\/h2>[\/vc_column][\/vc_row][vc_row full_width=&#8221;stretch_row&#8221; css=&#8221;.vc_custom_1469689661482{margin-top: 0px !important;margin-bottom: 0px !important;padding-bottom: 70px !important;background-color: #f8f9f9 !important;}&#8221;][vc_column width=&#8221;1\/3&#8243;]<div class='featured featured-has-link featured-has-content simple-style'><div class='featured-header'><a target='_self' href='https:\/\/sigmametalurji.com\/tr\/production\/investment-casting\/'><img alt='Hassas D\u00f6k\u00fcm' src='https:\/\/sigmametalurji.com\/tr\/wp-content\/uploads\/2024\/02\/Screen-Shot-2018-02-05-at-7.33.49-PM-1024x583-1-722x368.jpg'\/><\/a><\/div><div class='featured-content'><h3 class='featured-title text-uppercase'><a target='_self' href='https:\/\/sigmametalurji.com\/tr\/production\/investment-casting\/'>Hassas D\u00f6k\u00fcm<\/a><\/h3><p class='featured-desc'>Hassas d\u00f6k\u00fcm, mum deseninin refrakter seramik malzeme ile kapland\u0131\u011f\u0131 bir \u00fcretim prosesidir.<\/p><a class='btn btn-md btn-minimal' target='_self' href='https:\/\/sigmametalurji.com\/tr\/production\/investment-casting\/'>Devam\u0131n\u0131 Oku<\/a><\/div><\/div>[vc_empty_space height=&#8221;40px&#8221;][\/vc_column][vc_column width=&#8221;1\/3&#8243;]<div class='featured featured-has-content simple-style'><div class='featured-header'><img alt='Tala\u015fl\u0131 \u0130malat' src='https:\/\/sigmametalurji.com\/tr\/wp-content\/uploads\/2024\/02\/phases-usinage-722x368.jpeg'\/><\/div><div class='featured-content'><h3 class='featured-title text-uppercase'>Tala\u015fl\u0131 \u0130malat<\/h3><p class='featured-desc'>Hassas d\u00f6k\u00fcm prosesinin yan\u0131 s\u0131ra m\u00fc\u015fteri ihtiya\u00e7lar\u0131 do\u011frultusunda \u00fcr\u00fcnlerin tala\u015fl\u0131 imalat\u0131n\u0131 da firmam\u0131z b\u00fcnyesinde ger\u00e7ekle\u015ftirmekteyiz.<\/p><\/div><\/div>[vc_empty_space height=&#8221;40px&#8221;][\/vc_column][vc_column width=&#8221;1\/3&#8243;]<div class='featured featured-has-content simple-style'><div class='featured-header'><img alt='KALIP TASARIMI VE \u0130MALATI' src='https:\/\/sigmametalurji.com\/tr\/wp-content\/uploads\/2024\/02\/tooling-700x368.jpg'\/><\/div><div class='featured-content'><h3 class='featured-title text-uppercase'>KALIP TASARIMI VE \u0130MALATI<\/h3><p class='featured-desc'>Tasar\u0131mdan nihai \u00fcr\u00fcne kadar toplam \u00e7\u00f6z\u00fcmler sunuyoruz. 3 boyutlu model ve teknik \u00e7izimlere uygun kal\u0131p imalat\u0131 yapabilmekteyiz.<\/p><\/div><\/div>[vc_empty_space height=&#8221;40px&#8221;][\/vc_column][\/vc_row][vc_row full_width=&#8221;stretch_row&#8221; css=&#8221;.vc_custom_1709235736899{margin-top: -35px !important;margin-bottom: 0px !important;padding-top: 35px !important;padding-bottom: 35px !important;}&#8221; el_class=&#8221;background-image-left&#8221;][vc_column]<h2 class='heading-left  divider-modern'  style='color: #0a0a0a'><span><em class=\"heading-subtitle\" style='color: #a3baca'>\u0130htiyac\u0131n\u0131z olan her\u015fey<\/em>Hassas D\u00f6k\u00fcm\u00fcn Avantajlar\u0131<\/span><\/h2>[vc_empty_space height=&#8221;50px&#8221;][vc_row_inner css=&#8221;.vc_custom_1453127283098{background-position: center !important;background-repeat: no-repeat !important;background-size: cover !important;}&#8221;][vc_column_inner el_class=&#8221;hidden-sm hidden-xs&#8221; width=&#8221;1\/2&#8243;][vc_single_image image=&#8221;2386&#8243; img_size=&#8221;360&#215;437&#8243; alignment=&#8221;center&#8221;][\/vc_column_inner][vc_column_inner el_class=&#8221;no-margin-mobile&#8221; width=&#8221;1\/2&#8243;][vc_column_text]<\/p>\n<ul>\n<li>Y\u00fcksek boyutsal do\u011fruluk<\/li>\n<li>Birinci s\u0131n\u0131f y\u00fczey kalitesi<\/li>\n<li>Hassas yap\u0131lar<\/li>\n<li>Karma\u015f\u0131k geometrilerin tek kaynaktan tasarlanmas\u0131 ve uygulanmas\u0131nda b\u00fcy\u00fck \u00f6zg\u00fcrl\u00fck<\/li>\n<li>Azalt\u0131lm\u0131\u015f mekanik i\u015flemle net \u015fekle yak\u0131n<\/li>\n<li>Geni\u015f malzeme ve ala\u015f\u0131m yelpazesi<\/li>\n<li>K\u00e2rl\u0131l\u0131k: uygun maliyetli \u00fcretim<\/li>\n<li>Benzersiz ayr\u0131nt\u0131 d\u00fczeyi<\/li>\n<\/ul>\n<p>[\/vc_column_text][\/vc_column_inner][\/vc_row_inner][\/vc_column][\/vc_row][vc_row][vc_column][vc_images_carousel images=&#8221;2349,2345,2343,2344,2342,2341,2340,2339,2338&#8243; img_size=&#8221;1200&#215;800&#8243; onclick=&#8221;link_no&#8221; slides_per_view=&#8221;6&#8243; autoplay=&#8221;yes&#8221; hide_pagination_control=&#8221;yes&#8221; wrap=&#8221;yes&#8221;][\/vc_column][\/vc_row]<\/p>\n<\/div>","protected":false},"excerpt":{"rendered":"<p>[vc_row css=&#8221;.vc_custom_1453200552863{margin-top: -60px !important;margin-bottom: 0px !important;padding-bottom: 0px !important;}&#8221;][vc_column][\/vc_column][\/vc_row][vc_row full_width=&#8221;stretch_row&#8221; css=&#8221;.vc_custom_1469689612078{background-color: #f8f9f9 !important;}&#8221;][vc_column][\/vc_column][\/vc_row][vc_row full_width=&#8221;stretch_row&#8221; css=&#8221;.vc_custom_1469689661482{margin-top: 0px !important;margin-bottom: 0px !important;padding-bottom: 70px !important;background-color: #f8f9f9 !important;}&#8221;][vc_column width=&#8221;1\/3&#8243;][vc_empty_space height=&#8221;40px&#8221;][\/vc_column][vc_column width=&#8221;1\/3&#8243;][vc_empty_space height=&#8221;40px&#8221;][\/vc_column][vc_column width=&#8221;1\/3&#8243;][vc_empty_space height=&#8221;40px&#8221;][\/vc_column][\/vc_row][vc_row full_width=&#8221;stretch_row&#8221; css=&#8221;.vc_custom_1709235736899{margin-top: -35px !important;margin-bottom: 0px !important;padding-top: 35px !important;padding-bottom: 35px !important;}&#8221; el_class=&#8221;background-image-left&#8221;][vc_column][vc_empty_space height=&#8221;50px&#8221;][vc_row_inner &hellip;<\/p>\n","protected":false},"author":1,"featured_media":0,"parent":0,"menu_order":0,"comment_status":"closed","ping_status":"closed","template":"","meta":{"footnotes":""},"class_list":["post-1096","page","type-page","status-publish","hentry"],"_links":{"self":[{"href":"https:\/\/sigmametalurji.com\/tr\/wp-json\/wp\/v2\/pages\/1096","targetHints":{"allow":["GET"]}}],"collection":[{"href":"https:\/\/sigmametalurji.com\/tr\/wp-json\/wp\/v2\/pages"}],"about":[{"href":"https:\/\/sigmametalurji.com\/tr\/wp-json\/wp\/v2\/types\/page"}],"author":[{"embeddable":true,"href":"https:\/\/sigmametalurji.com\/tr\/wp-json\/wp\/v2\/users\/1"}],"replies":[{"embeddable":true,"href":"https:\/\/sigmametalurji.com\/tr\/wp-json\/wp\/v2\/comments?post=1096"}],"version-history":[{"count":43,"href":"https:\/\/sigmametalurji.com\/tr\/wp-json\/wp\/v2\/pages\/1096\/revisions"}],"predecessor-version":[{"id":2454,"href":"https:\/\/sigmametalurji.com\/tr\/wp-json\/wp\/v2\/pages\/1096\/revisions\/2454"}],"wp:attachment":[{"href":"https:\/\/sigmametalurji.com\/tr\/wp-json\/wp\/v2\/media?parent=1096"}],"curies":[{"name":"wp","href":"https:\/\/api.w.org\/{rel}","templated":true}]}}