{"id":12,"date":"2024-02-28T21:51:18","date_gmt":"2024-02-28T18:51:18","guid":{"rendered":"https:\/\/sigmametalurji.com\/?page_id=12"},"modified":"2024-04-14T11:08:32","modified_gmt":"2024-04-14T08:08:32","slug":"mould-design-and-manufacturing","status":"publish","type":"page","link":"https:\/\/sigmametalurji.com\/tr\/production\/mould-design-and-manufacturing\/","title":{"rendered":"Kal\u0131p Tasar\u0131m\u0131 ve \u0130malat\u0131"},"content":{"rendered":"<div class=\"wpb-content-wrapper\"><p>[vc_row][vc_column width=&#8221;1\/2&#8243;][vc_single_image image=&#8221;2386&#8243; img_size=&#8221;600&#215;600&#8243;][\/vc_column][vc_column width=&#8221;1\/2&#8243;][vc_column_text]Tasar\u0131mdan nihai \u00fcr\u00fcne kadar toplam \u00e7\u00f6z\u00fcmler sunuyoruz. 3 boyutlu model ve teknik \u00e7izimlere uygun kal\u0131p imalat\u0131 yapabilmekteyiz.[\/vc_column_text][\/vc_column][\/vc_row]<\/p>\n<\/div>","protected":false},"excerpt":{"rendered":"<p>[vc_row][vc_column width=&#8221;1\/2&#8243;][vc_single_image image=&#8221;2386&#8243; img_size=&#8221;600&#215;600&#8243;][\/vc_column][vc_column width=&#8221;1\/2&#8243;][vc_column_text]Tasar\u0131mdan nihai \u00fcr\u00fcne kadar toplam \u00e7\u00f6z\u00fcmler sunuyoruz. 3 boyutlu model ve teknik \u00e7izimlere uygun kal\u0131p imalat\u0131 yapabilmekteyiz.[\/vc_column_text][\/vc_column][\/vc_row]<\/p>\n","protected":false},"author":1,"featured_media":0,"parent":16,"menu_order":0,"comment_status":"closed","ping_status":"closed","template":"","meta":{"footnotes":""},"class_list":["post-12","page","type-page","status-publish","hentry"],"_links":{"self":[{"href":"https:\/\/sigmametalurji.com\/tr\/wp-json\/wp\/v2\/pages\/12","targetHints":{"allow":["GET"]}}],"collection":[{"href":"https:\/\/sigmametalurji.com\/tr\/wp-json\/wp\/v2\/pages"}],"about":[{"href":"https:\/\/sigmametalurji.com\/tr\/wp-json\/wp\/v2\/types\/page"}],"author":[{"embeddable":true,"href":"https:\/\/sigmametalurji.com\/tr\/wp-json\/wp\/v2\/users\/1"}],"replies":[{"embeddable":true,"href":"https:\/\/sigmametalurji.com\/tr\/wp-json\/wp\/v2\/comments?post=12"}],"version-history":[{"count":4,"href":"https:\/\/sigmametalurji.com\/tr\/wp-json\/wp\/v2\/pages\/12\/revisions"}],"predecessor-version":[{"id":2457,"href":"https:\/\/sigmametalurji.com\/tr\/wp-json\/wp\/v2\/pages\/12\/revisions\/2457"}],"up":[{"embeddable":true,"href":"https:\/\/sigmametalurji.com\/tr\/wp-json\/wp\/v2\/pages\/16"}],"wp:attachment":[{"href":"https:\/\/sigmametalurji.com\/tr\/wp-json\/wp\/v2\/media?parent=12"}],"curies":[{"name":"wp","href":"https:\/\/api.w.org\/{rel}","templated":true}]}}