{"id":1482,"date":"2016-01-19T16:40:09","date_gmt":"2016-01-19T16:40:09","guid":{"rendered":"http:\/\/anpsthemes.com\/construction\/?page_id=1482"},"modified":"2024-04-14T10:44:51","modified_gmt":"2024-04-14T07:44:51","slug":"contact-us","status":"publish","type":"page","link":"https:\/\/sigmametalurji.com\/tr\/contact-us\/","title":{"rendered":"\u0130leti\u015fim"},"content":{"rendered":"<div class=\"wpb-content-wrapper\"><p>[vc_row full_width=&#8221;stretch_row_content_no_spaces&#8221; css=&#8221;.vc_custom_1453472469343{margin-bottom: 40px !important;}&#8221;][vc_column][vc_raw_html]JTNDaWZyYW1lJTIwc3JjJTNEJTIyaHR0cHMlM0ElMkYlMkZ3d3cuZ29vZ2xlLmNvbSUyRm1hcHMlMkZlbWJlZCUzRnBiJTNEJTIxMW0xOCUyMTFtMTIlMjExbTMlMjExZDMxMjEuMDI1OTkzNzQ3ODE1NCUyMTJkMjcuMDI3ODU3NzExODQ0MTYzJTIxM2QzOC41MzMxNjg5NzE2ODY1MzYlMjEybTMlMjExZjAlMjEyZjAlMjEzZjAlMjEzbTIlMjExaTEwMjQlMjEyaTc2OCUyMTRmMTMuMSUyMTNtMyUyMTFtMiUyMTFzMHgxNGJiZDA1NTA5OTE4OTY1JTI1M0EweDc3OGI2MGE4MTM1Zjg4MTUlMjEyczI5JTI1MjBFa2ltJTI1MkMlMjUyMDEwMDAxLiUyNTIwU2suJTI1MjBObyUyNTNBNDIlMjUyQyUyNTIwMzU2NjMlMjUyMEFvc2IlMjUyRk1lbmVtZW4lMjUyRiUyNUM0JTI1QjB6bWlyJTIxNWUwJTIxM20yJTIxMXN0ciUyMTJzdHIlMjE0djE3MTIwNTUxODgwOTUlMjE1bTIlMjExc3RyJTIxMnN0ciUyMiUyMHdpZHRoJTNEJTIyMTAwJTI1JTIyJTIwaGVpZ2h0JTNEJTIyNDAwJTIyJTIwc3R5bGUlM0QlMjJib3JkZXIlM0EwJTNCJTIyJTIwYWxsb3dmdWxsc2NyZWVuJTNEJTIyJTIyJTIwbG9hZGluZyUzRCUyMmxhenklMjIlMjByZWZlcnJlcnBvbGljeSUzRCUyMm5vLXJlZmVycmVyLXdoZW4tZG93bmdyYWRlJTIyJTNFJTNDJTJGaWZyYW1lJTNF[\/vc_raw_html][\/vc_column][\/vc_row][vc_row][vc_column]<h2 class='heading-left  divider-modern'  style='color: #0a0a0a'><span>\u0130LET\u0130\u015e\u0130M<\/span><\/h2>[vc_empty_space height=&#8221;15&#8243;][\/vc_column][\/vc_row][vc_row css=&#8221;.vc_custom_1453297211960{margin-bottom: 40px !important;}&#8221;][vc_column width=&#8221;5\/12&#8243;]<table class='info-table'><\/tbody><tr class='info-table-row'><th class='info-table-icon'><i class='fa fas fa-industry'><\/i><\/th><td class='info-table-content'>Sigma Metallurgy<\/td><\/tr><tr class='info-table-row'><th class='info-table-icon'><i class='fa fas fa-map-marker'><\/i><\/th><td class='info-table-content'>29 Ekim Mah. 10001 Sok. No:42, Ulukent, 35663 Menemen\/\u0130zmir Turkey<\/td><\/tr><tr class='info-table-row'><th class='info-table-icon'><i class='fa fas fa-phone-alt'><\/i><\/th><td class='info-table-content'>+90 544 620 55 75<\/td><\/tr><tr class='info-table-row'><th class='info-table-icon'><i class='fa far fa-envelope'><\/i><\/th><td class='info-table-content'><strong><a href='mailto:info@sigmametalurji.com'>info@sigmametalurji.com<\/a><\/strong><\/td><\/tr><tr class='info-table-row'><th class='info-table-icon'><i class='fa far fa-envelope'><\/i><\/th><td class='info-table-content'><strong><a href='mailto:export@sigmametalurji.com'>export@sigmametalurji.com<\/a><\/strong><\/td><\/tr><\/table><\/tbody>[\/vc_column][vc_column width=&#8221;7\/12&#8243;]\n<div class=\"wpcf7 no-js\" id=\"wpcf7-f1831-o1\" lang=\"en-US\" dir=\"ltr\">\n<div class=\"screen-reader-response\"><p role=\"status\" aria-live=\"polite\" aria-atomic=\"true\"><\/p> <ul><\/ul><\/div>\n<form action=\"\/tr\/wp-json\/wp\/v2\/pages\/1482#wpcf7-f1831-o1\" method=\"post\" class=\"wpcf7-form init\" aria-label=\"Contact form\" novalidate=\"novalidate\" data-status=\"init\">\n<div style=\"display: none;\">\n<input type=\"hidden\" name=\"_wpcf7\" value=\"1831\" \/>\n<input type=\"hidden\" name=\"_wpcf7_version\" value=\"5.9.3\" \/>\n<input type=\"hidden\" name=\"_wpcf7_locale\" value=\"en_US\" \/>\n<input type=\"hidden\" name=\"_wpcf7_unit_tag\" value=\"wpcf7-f1831-o1\" \/>\n<input type=\"hidden\" name=\"_wpcf7_container_post\" value=\"0\" \/>\n<input type=\"hidden\" name=\"_wpcf7_posted_data_hash\" value=\"\" \/>\n<\/div>\n<div class=\"row\">\n\t<fieldset class=\"form-group col-md-7\">\n\t\t<p><span class=\"wpcf7-form-control-wrap\" data-name=\"sender\"><input size=\"40\" class=\"wpcf7-form-control wpcf7-text wpcf7-validates-as-required\" aria-required=\"true\" aria-invalid=\"false\" placeholder=\"Ad\u0131n\u0131z Soyad\u0131n\u0131z\" value=\"\" type=\"text\" name=\"sender\" \/><\/span>\n\t\t<\/p>\n\t<\/fieldset>\n\t<fieldset class=\"form-group col-md-7\">\n\t\t<p><span class=\"wpcf7-form-control-wrap\" data-name=\"email\"><input size=\"40\" class=\"wpcf7-form-control wpcf7-email wpcf7-validates-as-required wpcf7-text wpcf7-validates-as-email\" aria-required=\"true\" aria-invalid=\"false\" placeholder=\"E-posta Adresiniz\" value=\"\" type=\"email\" name=\"email\" \/><\/span>\n\t\t<\/p>\n\t<\/fieldset>\n\t<fieldset class=\"form-group col-md-7\">\n\t\t<p><span class=\"wpcf7-form-control-wrap\" data-name=\"phone\"><input size=\"40\" class=\"wpcf7-form-control wpcf7-text wpcf7-validates-as-required\" aria-required=\"true\" aria-invalid=\"false\" placeholder=\"Telefonunuz\" value=\"\" type=\"text\" name=\"phone\" \/><\/span>\n\t\t<\/p>\n\t<\/fieldset>\n\t<fieldset class=\"form-group col-md-7\">\n\t\t<p><span class=\"wpcf7-form-control-wrap\" data-name=\"subject\"><input size=\"40\" class=\"wpcf7-form-control wpcf7-text wpcf7-validates-as-required\" aria-required=\"true\" aria-invalid=\"false\" placeholder=\"Konu\" value=\"\" type=\"text\" name=\"subject\" \/><\/span>\n\t\t<\/p>\n\t<\/fieldset>\n\t<fieldset class=\"form-group col-md-12\">\n\t\t<p><span class=\"wpcf7-form-control-wrap\" data-name=\"message\"><textarea cols=\"40\" rows=\"10\" class=\"wpcf7-form-control wpcf7-textarea wpcf7-validates-as-required\" aria-required=\"true\" aria-invalid=\"false\" placeholder=\"Mesaj\" name=\"message\"><\/textarea><\/span>\n\t\t<\/p>\n\t<\/fieldset>\n\t<fieldset class=\"form-group col-md-12\">\n\t\t<p><input class=\"wpcf7-form-control wpcf7-submit has-spinner btn btn-normal btn-md\" type=\"submit\" value=\"G\u00f6nder\" \/>\n\t\t<\/p>\n\t<\/fieldset>\n<\/div><div class=\"wpcf7-response-output\" aria-hidden=\"true\"><\/div>\n<\/form>\n<\/div>\n[\/vc_column][\/vc_row]<\/p>\n<\/div>","protected":false},"excerpt":{"rendered":"<p>[vc_row full_width=&#8221;stretch_row_content_no_spaces&#8221; css=&#8221;.vc_custom_1453472469343{margin-bottom: 40px !important;}&#8221;][vc_column][vc_raw_html]JTNDaWZyYW1lJTIwc3JjJTNEJTIyaHR0cHMlM0ElMkYlMkZ3d3cuZ29vZ2xlLmNvbSUyRm1hcHMlMkZlbWJlZCUzRnBiJTNEJTIxMW0xOCUyMTFtMTIlMjExbTMlMjExZDMxMjEuMDI1OTkzNzQ3ODE1NCUyMTJkMjcuMDI3ODU3NzExODQ0MTYzJTIxM2QzOC41MzMxNjg5NzE2ODY1MzYlMjEybTMlMjExZjAlMjEyZjAlMjEzZjAlMjEzbTIlMjExaTEwMjQlMjEyaTc2OCUyMTRmMTMuMSUyMTNtMyUyMTFtMiUyMTFzMHgxNGJiZDA1NTA5OTE4OTY1JTI1M0EweDc3OGI2MGE4MTM1Zjg4MTUlMjEyczI5JTI1MjBFa2ltJTI1MkMlMjUyMDEwMDAxLiUyNTIwU2suJTI1MjBObyUyNTNBNDIlMjUyQyUyNTIwMzU2NjMlMjUyMEFvc2IlMjUyRk1lbmVtZW4lMjUyRiUyNUM0JTI1QjB6bWlyJTIxNWUwJTIxM20yJTIxMXN0ciUyMTJzdHIlMjE0djE3MTIwNTUxODgwOTUlMjE1bTIlMjExc3RyJTIxMnN0ciUyMiUyMHdpZHRoJTNEJTIyMTAwJTI1JTIyJTIwaGVpZ2h0JTNEJTIyNDAwJTIyJTIwc3R5bGUlM0QlMjJib3JkZXIlM0EwJTNCJTIyJTIwYWxsb3dmdWxsc2NyZWVuJTNEJTIyJTIyJTIwbG9hZGluZyUzRCUyMmxhenklMjIlMjByZWZlcnJlcnBvbGljeSUzRCUyMm5vLXJlZmVycmVyLXdoZW4tZG93bmdyYWRlJTIyJTNFJTNDJTJGaWZyYW1lJTNF[\/vc_raw_html][\/vc_column][\/vc_row][vc_row][vc_column][vc_empty_space height=&#8221;15&#8243;][\/vc_column][\/vc_row][vc_row css=&#8221;.vc_custom_1453297211960{margin-bottom: 40px !important;}&#8221;][vc_column width=&#8221;5\/12&#8243;][\/vc_column][vc_column width=&#8221;7\/12&#8243;][\/vc_column][\/vc_row]<\/p>\n","protected":false},"author":1,"featured_media":0,"parent":0,"menu_order":0,"comment_status":"closed","ping_status":"closed","template":"","meta":{"footnotes":""},"class_list":["post-1482","page","type-page","status-publish","hentry"],"_links":{"self":[{"href":"https:\/\/sigmametalurji.com\/tr\/wp-json\/wp\/v2\/pages\/1482","targetHints":{"allow":["GET"]}}],"collection":[{"href":"https:\/\/sigmametalurji.com\/tr\/wp-json\/wp\/v2\/pages"}],"about":[{"href":"https:\/\/sigmametalurji.com\/tr\/wp-json\/wp\/v2\/types\/page"}],"author":[{"embeddable":true,"href":"https:\/\/sigmametalurji.com\/tr\/wp-json\/wp\/v2\/users\/1"}],"replies":[{"embeddable":true,"href":"https:\/\/sigmametalurji.com\/tr\/wp-json\/wp\/v2\/comments?post=1482"}],"version-history":[{"count":13,"href":"https:\/\/sigmametalurji.com\/tr\/wp-json\/wp\/v2\/pages\/1482\/revisions"}],"predecessor-version":[{"id":2445,"href":"https:\/\/sigmametalurji.com\/tr\/wp-json\/wp\/v2\/pages\/1482\/revisions\/2445"}],"wp:attachment":[{"href":"https:\/\/sigmametalurji.com\/tr\/wp-json\/wp\/v2\/media?parent=1482"}],"curies":[{"name":"wp","href":"https:\/\/api.w.org\/{rel}","templated":true}]}}