{"id":16,"date":"2024-02-28T21:52:02","date_gmt":"2024-02-28T18:52:02","guid":{"rendered":"https:\/\/sigmametalurji.com\/?page_id=16"},"modified":"2024-04-14T11:01:42","modified_gmt":"2024-04-14T08:01:42","slug":"production","status":"publish","type":"page","link":"https:\/\/sigmametalurji.com\/tr\/production\/","title":{"rendered":"\u00dcretim"},"content":{"rendered":"<div class=\"wpb-content-wrapper\"><p>[vc_row full_width=&#8221;stretch_row&#8221; css=&#8221;.vc_custom_1469689661482{margin-top: 0px !important;margin-bottom: 0px !important;padding-bottom: 70px !important;background-color: #f8f9f9 !important;}&#8221;][vc_column width=&#8221;1\/3&#8243;]<div class='featured featured-has-link featured-has-content simple-style'><div class='featured-header'><a target='_self' href='https:\/\/sigmametalurji.com\/tr\/production\/investment-casting\/'><img alt='Hassas D\u00f6k\u00fcm' src='https:\/\/sigmametalurji.com\/tr\/wp-content\/uploads\/2024\/02\/Screen-Shot-2018-02-05-at-7.33.49-PM-1024x583-1-722x368.jpg'\/><\/a><\/div><div class='featured-content'><h3 class='featured-title text-uppercase'><a target='_self' href='https:\/\/sigmametalurji.com\/tr\/production\/investment-casting\/'>Hassas D\u00f6k\u00fcm<\/a><\/h3><p class='featured-desc'>Hassas d\u00f6k\u00fcm, mum deseninin refrakter seramik malzeme ile kapland\u0131\u011f\u0131 bir \u00fcretim prosesidir.<\/p><a class='btn btn-md btn-minimal' target='_self' href='https:\/\/sigmametalurji.com\/tr\/production\/investment-casting\/'>Devam\u0131n\u0131 Oku<\/a><\/div><\/div>[vc_empty_space height=&#8221;40px&#8221;][\/vc_column][vc_column width=&#8221;1\/3&#8243;]<div class='featured featured-has-link featured-has-content simple-style'><div class='featured-header'><a target='_self' href='https:\/\/sigmametalurji.com\/tr\/production\/machining\/'><img alt='Tala\u015fl\u0131 \u0130malat' src='https:\/\/sigmametalurji.com\/tr\/wp-content\/uploads\/2024\/02\/phases-usinage-722x368.jpeg'\/><\/a><\/div><div class='featured-content'><h3 class='featured-title text-uppercase'><a target='_self' href='https:\/\/sigmametalurji.com\/tr\/production\/machining\/'>Tala\u015fl\u0131 \u0130malat<\/a><\/h3><p class='featured-desc'>Hassas d\u00f6k\u00fcm prosesinin yan\u0131 s\u0131ra m\u00fc\u015fteri ihtiya\u00e7lar\u0131 do\u011frultusunda \u00fcr\u00fcnlerin tala\u015fl\u0131 imalat\u0131n\u0131 da firmam\u0131z b\u00fcnyesinde ger\u00e7ekle\u015ftirmekteyiz.<\/p><a class='btn btn-md btn-minimal' target='_self' href='https:\/\/sigmametalurji.com\/tr\/production\/machining\/'>Devam\u0131n\u0131 Oku<\/a><\/div><\/div>[vc_empty_space height=&#8221;40px&#8221;][\/vc_column][vc_column width=&#8221;1\/3&#8243;]<div class='featured featured-has-link featured-has-content simple-style'><div class='featured-header'><a target='_self' href='https:\/\/sigmametalurji.com\/tr\/production\/mould-design-and-manufacturing\/'><img alt='Kal\u0131p Tasar\u0131m\u0131 ve \u0130malat\u0131' src='https:\/\/sigmametalurji.com\/tr\/wp-content\/uploads\/2024\/02\/tooling-700x368.jpg'\/><\/a><\/div><div class='featured-content'><h3 class='featured-title text-uppercase'><a target='_self' href='https:\/\/sigmametalurji.com\/tr\/production\/mould-design-and-manufacturing\/'>Kal\u0131p Tasar\u0131m\u0131 ve \u0130malat\u0131<\/a><\/h3><p class='featured-desc'>Tasar\u0131mdan nihai \u00fcr\u00fcne kadar toplam \u00e7\u00f6z\u00fcmler sunuyoruz. 3 boyutlu model ve teknik \u00e7izimlere uygun kal\u0131p imalat\u0131 yapabilmekteyiz.<\/p><a class='btn btn-md btn-minimal' target='_self' href='https:\/\/sigmametalurji.com\/tr\/production\/mould-design-and-manufacturing\/'>Devam\u0131n\u0131 Oku<\/a><\/div><\/div>[vc_empty_space height=&#8221;40px&#8221;][\/vc_column][\/vc_row]<\/p>\n<\/div>","protected":false},"excerpt":{"rendered":"<p>[vc_row full_width=&#8221;stretch_row&#8221; css=&#8221;.vc_custom_1469689661482{margin-top: 0px !important;margin-bottom: 0px !important;padding-bottom: 70px !important;background-color: #f8f9f9 !important;}&#8221;][vc_column width=&#8221;1\/3&#8243;][vc_empty_space height=&#8221;40px&#8221;][\/vc_column][vc_column width=&#8221;1\/3&#8243;][vc_empty_space height=&#8221;40px&#8221;][\/vc_column][vc_column width=&#8221;1\/3&#8243;][vc_empty_space height=&#8221;40px&#8221;][\/vc_column][\/vc_row]<\/p>\n","protected":false},"author":1,"featured_media":0,"parent":0,"menu_order":0,"comment_status":"closed","ping_status":"closed","template":"","meta":{"footnotes":""},"class_list":["post-16","page","type-page","status-publish","hentry"],"_links":{"self":[{"href":"https:\/\/sigmametalurji.com\/tr\/wp-json\/wp\/v2\/pages\/16","targetHints":{"allow":["GET"]}}],"collection":[{"href":"https:\/\/sigmametalurji.com\/tr\/wp-json\/wp\/v2\/pages"}],"about":[{"href":"https:\/\/sigmametalurji.com\/tr\/wp-json\/wp\/v2\/types\/page"}],"author":[{"embeddable":true,"href":"https:\/\/sigmametalurji.com\/tr\/wp-json\/wp\/v2\/users\/1"}],"replies":[{"embeddable":true,"href":"https:\/\/sigmametalurji.com\/tr\/wp-json\/wp\/v2\/comments?post=16"}],"version-history":[{"count":9,"href":"https:\/\/sigmametalurji.com\/tr\/wp-json\/wp\/v2\/pages\/16\/revisions"}],"predecessor-version":[{"id":2452,"href":"https:\/\/sigmametalurji.com\/tr\/wp-json\/wp\/v2\/pages\/16\/revisions\/2452"}],"wp:attachment":[{"href":"https:\/\/sigmametalurji.com\/tr\/wp-json\/wp\/v2\/media?parent=16"}],"curies":[{"name":"wp","href":"https:\/\/api.w.org\/{rel}","templated":true}]}}