{"id":6,"date":"2024-02-28T21:50:20","date_gmt":"2024-02-28T18:50:20","guid":{"rendered":"https:\/\/sigmametalurji.com\/?page_id=6"},"modified":"2024-04-14T10:57:41","modified_gmt":"2024-04-14T07:57:41","slug":"about-us","status":"publish","type":"page","link":"https:\/\/sigmametalurji.com\/tr\/about-us\/","title":{"rendered":"Hakk\u0131m\u0131zda"},"content":{"rendered":"<div class=\"wpb-content-wrapper\"><p>[vc_row][vc_column width=&#8221;1\/2&#8243;][vc_single_image image=&#8221;2312&#8243; img_size=&#8221;full&#8221;][\/vc_column][vc_column width=&#8221;1\/2&#8243;][vc_column_text]Sigma Metalurji, 2021 y\u0131l\u0131nda 20 y\u0131l\u0131 a\u015fk\u0131n tecr\u00fcbeye sahip iki m\u00fchendis taraf\u0131ndan kurulmu\u015f olup, bug\u00fcn 30 ki\u015filik kadrosuyla hassas d\u00f6k\u00fcm konusunda farkl\u0131 sekt\u00f6rlerden global firmalar\u0131n \u00e7\u00f6z\u00fcm orta\u011f\u0131 olarak faaliyetlerine devam etmektedir. Kurulu\u015fundan bug\u00fcne uzman kadrosu, yenilik\u00e7i yakla\u015f\u0131mlar\u0131 ve yat\u0131r\u0131mlar\u0131yla Sigma, m\u00fc\u015fterilerine uluslararas\u0131 standartlarda kalite anlay\u0131\u015f\u0131yla bitmi\u015f \u00fcr\u00fcn hizmetini sunabilir hale gelmi\u015ftir.<\/p>\n<p>M\u00fc\u015fteri istekleri do\u011frultusunda kal\u0131p tasar\u0131m\u0131 ve imalat\u0131, tala\u015fl\u0131 imalat, kaplama ve montaj gibi hizmetleri sunabilen Sigma Metalurji, tahribatl\u0131 ve tahribats\u0131z muayenelerini kendi b\u00fcnyesinde ve akredite kurulu\u015flar arac\u0131l\u0131\u011f\u0131yla uygulamakta ve raporlamaktad\u0131r.[\/vc_column_text][\/vc_column][\/vc_row]<\/p>\n<\/div>","protected":false},"excerpt":{"rendered":"<p>[vc_row][vc_column width=&#8221;1\/2&#8243;][vc_single_image image=&#8221;2312&#8243; img_size=&#8221;full&#8221;][\/vc_column][vc_column width=&#8221;1\/2&#8243;][vc_column_text]Sigma Metalurji, 2021 y\u0131l\u0131nda 20 y\u0131l\u0131 a\u015fk\u0131n tecr\u00fcbeye sahip iki m\u00fchendis taraf\u0131ndan kurulmu\u015f olup, bug\u00fcn 30 ki\u015filik kadrosuyla hassas d\u00f6k\u00fcm konusunda farkl\u0131 sekt\u00f6rlerden global firmalar\u0131n \u00e7\u00f6z\u00fcm orta\u011f\u0131 olarak faaliyetlerine devam etmektedir. Kurulu\u015fundan bug\u00fcne uzman kadrosu, yenilik\u00e7i &hellip;<\/p>\n","protected":false},"author":1,"featured_media":0,"parent":0,"menu_order":0,"comment_status":"closed","ping_status":"closed","template":"","meta":{"footnotes":""},"class_list":["post-6","page","type-page","status-publish","hentry"],"_links":{"self":[{"href":"https:\/\/sigmametalurji.com\/tr\/wp-json\/wp\/v2\/pages\/6","targetHints":{"allow":["GET"]}}],"collection":[{"href":"https:\/\/sigmametalurji.com\/tr\/wp-json\/wp\/v2\/pages"}],"about":[{"href":"https:\/\/sigmametalurji.com\/tr\/wp-json\/wp\/v2\/types\/page"}],"author":[{"embeddable":true,"href":"https:\/\/sigmametalurji.com\/tr\/wp-json\/wp\/v2\/users\/1"}],"replies":[{"embeddable":true,"href":"https:\/\/sigmametalurji.com\/tr\/wp-json\/wp\/v2\/comments?post=6"}],"version-history":[{"count":8,"href":"https:\/\/sigmametalurji.com\/tr\/wp-json\/wp\/v2\/pages\/6\/revisions"}],"predecessor-version":[{"id":2450,"href":"https:\/\/sigmametalurji.com\/tr\/wp-json\/wp\/v2\/pages\/6\/revisions\/2450"}],"wp:attachment":[{"href":"https:\/\/sigmametalurji.com\/tr\/wp-json\/wp\/v2\/media?parent=6"}],"curies":[{"name":"wp","href":"https:\/\/api.w.org\/{rel}","templated":true}]}}