{"id":8,"date":"2024-02-28T21:50:46","date_gmt":"2024-02-28T18:50:46","guid":{"rendered":"https:\/\/sigmametalurji.com\/?page_id=8"},"modified":"2024-04-14T11:05:43","modified_gmt":"2024-04-14T08:05:43","slug":"investment-casting","status":"publish","type":"page","link":"https:\/\/sigmametalurji.com\/tr\/production\/investment-casting\/","title":{"rendered":"Hassas D\u00f6k\u00fcm"},"content":{"rendered":"<div class=\"wpb-content-wrapper\"><p>[vc_row][vc_column width=&#8221;1\/2&#8243;][vc_column_text]Ay\u0131rma y\u00fczeyi olmayan bir kal\u0131p elde etmek i\u00e7in kullan\u0131lan bir i\u015flem; Y\u00fcksek boyutsal ve geometrik do\u011frulu\u011fa sahip par\u00e7alar olu\u015fturur<\/p>\n<p>Karma\u015f\u0131k \u015fekillere ve y\u00fcksek hassasiyet gereksinimlerine sahip net \u015fekilli par\u00e7alar i\u00e7in idealdir.[\/vc_column_text][\/vc_column][vc_column width=&#8221;1\/2&#8243;][vc_images_carousel images=&#8221;2368,2369&#8243; img_size=&#8221;500&#215;400&#8243; onclick=&#8221;link_no&#8221; autoplay=&#8221;yes&#8221; hide_pagination_control=&#8221;yes&#8221; hide_prev_next_buttons=&#8221;yes&#8221;][\/vc_column][\/vc_row][vc_row][vc_column width=&#8221;1\/2&#8243;][vc_images_carousel images=&#8221;2371,2370&#8243; img_size=&#8221;500&#215;400&#8243; onclick=&#8221;link_no&#8221; autoplay=&#8221;yes&#8221; hide_pagination_control=&#8221;yes&#8221; hide_prev_next_buttons=&#8221;yes&#8221;][\/vc_column][vc_column width=&#8221;1\/2&#8243;][vc_column_text]<strong>Hassas D\u00f6k\u00fcm i\u00e7in Neden SIGMA&#8217;y\u0131 Se\u00e7melisiniz?<\/strong><\/p>\n<p><strong>Kalite standartlar\u0131<\/strong><\/p>\n<p>Kalite standartlar\u0131m\u0131z ISO sertifikalar\u0131yla desteklenmektedir; bu, bile\u015fenlerimizin y\u00fcksek bir standartta tutuldu\u011fu anlam\u0131na gelir ve bu da riski azalt\u0131rken maliyetlerinizi optimize etmemize olanak tan\u0131r.[\/vc_column_text][\/vc_column][\/vc_row][vc_row][vc_column width=&#8221;1\/2&#8243;][vc_column_text]<strong>Y\u00fcksek Teslimat S\u00fcreleri<\/strong><\/p>\n<p>Bir bile\u015feni hassas d\u00f6k\u00fcm yoluyla \u00fcretmek, di\u011fer \u00fcretim uygulamalar\u0131yla kar\u015f\u0131la\u015ft\u0131r\u0131ld\u0131\u011f\u0131nda d\u00fc\u015f\u00fck hacimli ve daha yava\u015f olma e\u011filiminde olsa da, gecikmelerin i\u015finiz \u00fczerindeki kritik etkisini anl\u0131yoruz. Bu nedenle sekt\u00f6rdeki en h\u0131zl\u0131 teslimat s\u00fcrelerinden birine sahip olan teslimat programlar\u0131m\u0131za ba\u011fl\u0131 kal\u0131yoruz.[\/vc_column_text][\/vc_column][vc_column width=&#8221;1\/2&#8243;][vc_images_carousel images=&#8221;2373,2372&#8243; img_size=&#8221;500&#215;400&#8243; onclick=&#8221;link_no&#8221; autoplay=&#8221;yes&#8221; hide_pagination_control=&#8221;yes&#8221; hide_prev_next_buttons=&#8221;yes&#8221;][\/vc_column][\/vc_row][vc_row][vc_column width=&#8221;1\/2&#8243;][vc_images_carousel images=&#8221;2375,2374&#8243; img_size=&#8221;500&#215;400&#8243; onclick=&#8221;link_no&#8221; autoplay=&#8221;yes&#8221; hide_pagination_control=&#8221;yes&#8221; hide_prev_next_buttons=&#8221;yes&#8221;][\/vc_column][vc_column width=&#8221;1\/2&#8243;][vc_column_text]<strong>Kapsaml\u0131 Bir Yakla\u015f\u0131m<\/strong><\/p>\n<p>Hassas d\u00f6k\u00fcm s\u00fcreci, bile\u015fenin do\u011fru standartlarda \u00fcretilmesini sa\u011flamak i\u00e7in tasar\u0131m \u00f6nerilerimizle ba\u015flayan ba\u015ftan sona bir s\u00fcre\u00e7tir. Proje boyunca kaliteyi, tutarl\u0131l\u0131\u011f\u0131 ve kolayla\u015ft\u0131r\u0131lm\u0131\u015f sat\u0131c\u0131 y\u00f6netimini sa\u011fl\u0131yoruz.[\/vc_column_text][\/vc_column][\/vc_row]<\/p>\n<\/div>","protected":false},"excerpt":{"rendered":"<p>[vc_row][vc_column width=&#8221;1\/2&#8243;][vc_column_text]Ay\u0131rma y\u00fczeyi olmayan bir kal\u0131p elde etmek i\u00e7in kullan\u0131lan bir i\u015flem; Y\u00fcksek boyutsal ve geometrik do\u011frulu\u011fa sahip par\u00e7alar olu\u015fturur Karma\u015f\u0131k \u015fekillere ve y\u00fcksek hassasiyet gereksinimlerine sahip net \u015fekilli par\u00e7alar i\u00e7in idealdir.[\/vc_column_text][\/vc_column][vc_column width=&#8221;1\/2&#8243;][vc_images_carousel images=&#8221;2368,2369&#8243; img_size=&#8221;500&#215;400&#8243; onclick=&#8221;link_no&#8221; autoplay=&#8221;yes&#8221; hide_pagination_control=&#8221;yes&#8221; hide_prev_next_buttons=&#8221;yes&#8221;][\/vc_column][\/vc_row][vc_row][vc_column width=&#8221;1\/2&#8243;][vc_images_carousel &hellip;<\/p>\n","protected":false},"author":1,"featured_media":0,"parent":16,"menu_order":0,"comment_status":"closed","ping_status":"closed","template":"","meta":{"footnotes":""},"class_list":["post-8","page","type-page","status-publish","hentry"],"_links":{"self":[{"href":"https:\/\/sigmametalurji.com\/tr\/wp-json\/wp\/v2\/pages\/8","targetHints":{"allow":["GET"]}}],"collection":[{"href":"https:\/\/sigmametalurji.com\/tr\/wp-json\/wp\/v2\/pages"}],"about":[{"href":"https:\/\/sigmametalurji.com\/tr\/wp-json\/wp\/v2\/types\/page"}],"author":[{"embeddable":true,"href":"https:\/\/sigmametalurji.com\/tr\/wp-json\/wp\/v2\/users\/1"}],"replies":[{"embeddable":true,"href":"https:\/\/sigmametalurji.com\/tr\/wp-json\/wp\/v2\/comments?post=8"}],"version-history":[{"count":16,"href":"https:\/\/sigmametalurji.com\/tr\/wp-json\/wp\/v2\/pages\/8\/revisions"}],"predecessor-version":[{"id":2455,"href":"https:\/\/sigmametalurji.com\/tr\/wp-json\/wp\/v2\/pages\/8\/revisions\/2455"}],"up":[{"embeddable":true,"href":"https:\/\/sigmametalurji.com\/tr\/wp-json\/wp\/v2\/pages\/16"}],"wp:attachment":[{"href":"https:\/\/sigmametalurji.com\/tr\/wp-json\/wp\/v2\/media?parent=8"}],"curies":[{"name":"wp","href":"https:\/\/api.w.org\/{rel}","templated":true}]}}